{"id":8070,"date":"2019-06-26T16:48:40","date_gmt":"2019-06-26T20:48:40","guid":{"rendered":"https:\/\/fondationdesaveugles.org\/en\/?page_id=8070"},"modified":"2022-07-19T16:42:43","modified_gmt":"2022-07-19T20:42:43","slug":"partners","status":"publish","type":"page","link":"https:\/\/fondationdesaveugles.org\/en\/the-foundation\/partners\/","title":{"rendered":"Our Partners"},"content":{"rendered":"<h2 style=\"text-align: center;\"><img decoding=\"async\" loading=\"lazy\" class=\"size-full wp-image-7368 aligncenter\" src=\"https:\/\/fondationdesaveugles.org\/en\/wp-content\/uploads\/2019\/06\/Partenaires-PIX-forward-3351497_1280.jpg\" alt=\"Image symbolisant les partenaires - poign\u00e9e de mains\" width=\"1280\" height=\"625\" srcset=\"https:\/\/fondationdesaveugles.org\/en\/wp-content\/uploads\/2019\/06\/Partenaires-PIX-forward-3351497_1280.jpg 1280w, https:\/\/fondationdesaveugles.org\/en\/wp-content\/uploads\/2019\/06\/Partenaires-PIX-forward-3351497_1280-150x73.jpg 150w, https:\/\/fondationdesaveugles.org\/en\/wp-content\/uploads\/2019\/06\/Partenaires-PIX-forward-3351497_1280-300x146.jpg 300w, https:\/\/fondationdesaveugles.org\/en\/wp-content\/uploads\/2019\/06\/Partenaires-PIX-forward-3351497_1280-768x375.jpg 768w, https:\/\/fondationdesaveugles.org\/en\/wp-content\/uploads\/2019\/06\/Partenaires-PIX-forward-3351497_1280-1024x500.jpg 1024w\" sizes=\"(max-width: 1280px) 100vw, 1280px\" \/><\/h2>\n<h2 style=\"text-align: center;\">Thanks to all our generous partners!<\/h2>\n<p>Have a partnership idea you\u2019d like to share? Visit our <a href=\"https:\/\/fondationdesaveugles.org\/en\/get-involved\/partnerships-and-sponsorships\/\" target=\"_blank\" rel=\"noopener noreferrer\"><strong>Partnerships and Sponsorships<\/strong><\/a> page!<br \/>\nYou can help us in different ways through, for example, sponsorship, donation, financing of activities, or promotion of the Foundation. We are always interested in hearing about your partnership ideas, even the most unique!<\/p>\n<h3><img decoding=\"async\" loading=\"lazy\" class=\" wp-image-6615 alignleft\" src=\"https:\/\/fondationdesaveugles.org\/en\/wp-content\/uploads\/2022\/07\/partenariats-le-bon-pilote.png\" alt=\"Logo Fondation Le Bon Pilote within circles\" width=\"221\" height=\"217\" \/><b>Le Bon Pilote<\/b><\/h3>\n<p>Our partnership with Le Bon Pilote allows us to better support people with visual disabilities and to further improve their living conditions, autonomy, and social integration. By sharing our human and financial resources, we can focus our efforts and broaden the scope of our actions, while increasing the visibility of our cause.<\/p>\n<p><a href=\"http:\/\/lebonpilote.org\/en\" target=\"_blank\" rel=\"noopener noreferrer\"><strong>www.fondationlebonpilote.org<\/strong><\/a><\/p>\n<h3 class=\"wpb_wrapper\">AMI-t\u00e9l\u00e9<\/h3>\n<p><img decoding=\"async\" loading=\"lazy\" class=\" wp-image-6461 alignright\" src=\"https:\/\/fondationdesaveugles.org\/en\/wp-content\/uploads\/2022\/07\/partenariats-ami-telenlogo.png\" alt=\"Partnerships - Ami-t\u00e9l\u00e9 in bubbles\" width=\"272\" height=\"268\" \/><\/p>\n<p>As a media partner, AMI-t\u00e9l\u00e9 plays a key role in bringing the Foundation\u2019s news and events to the forefront, giving us the opportunity to showcase our mission. Their support also makes our services known to those who need them.<\/p>\n<p>AMI-t\u00e9l\u00e9 is part of the AMI (Accessibilit\u00e9 M\u00e9dia inc.) broadcasting services that serve more than five million Canadians who are blind, deaf, visually, hearing and mobility impaired, or unable to read printed material.<\/p>\n<p><a href=\"http:\/\/www.amitele.ca\/\" target=\"_blank\" rel=\"noopener noreferrer\"><strong>www.amitele.ca<\/strong><\/a><\/p>\n<h3><img decoding=\"async\" loading=\"lazy\" class=\" wp-image-6614 alignleft\" src=\"https:\/\/fondationdesaveugles.org\/en\/wp-content\/uploads\/2016\/09\/partenariats-cgl-micro.png\" alt=\"Partnerships CGL-micro logo in bubbles\" width=\"219\" height=\"216\" srcset=\"https:\/\/fondationdesaveugles.org\/en\/wp-content\/uploads\/2016\/09\/partenariats-cgl-micro.png 254w, https:\/\/fondationdesaveugles.org\/en\/wp-content\/uploads\/2016\/09\/partenariats-cgl-micro-100x100.png 100w\" sizes=\"(max-width: 219px) 100vw, 219px\" \/>CGL Micro<\/h3>\n<p>Proud supplier of IT services to the Quebec Foundation for the Blind. CGL Micro offers computer equipment sales and repair services, website hosting, email Exchange and online backups. They offer repairs in their shop and on location, business or residence, as well as remote support. All their services are provided in French. \u2022 <a href=\"https:\/\/www.cglmicro.ca\/\" target=\"_blank\" rel=\"noopener noreferrer\"><strong>www.cglmicro.ca<\/strong><\/a><\/p>\n<h3 class=\"wpb_column vc_column_container vc_col-sm-3\"><img decoding=\"async\" loading=\"lazy\" class=\" wp-image-6613 alignright\" src=\"https:\/\/fondationdesaveugles.org\/en\/wp-content\/uploads\/2016\/09\/partenariats-bistro-le-ste-cath.png\" alt=\"Partnerships Bistro Le Ste-Cath logo\" width=\"127\" height=\"125\" \/>Bistro Le Ste-Cath<\/h3>\n<p>By eating at the Bistro and showing their loyalty card, our supporters provide a 15% cash back to the Quebec Foundation for the Blind. \u2022 <a href=\"http:\/\/stecath.com\/\" target=\"_blank\" rel=\"noopener noreferrer\"><strong>www.stecath.com<\/strong><\/a><\/p>\n<p>&nbsp;<\/p>\n<div id='gallery-1' class='gallery galleryid-8070 gallery-columns-4 gallery-size-medium'><figure class='gallery-item'>\n\t\t\t<div class='gallery-icon landscape'>\n\t\t\t\t<a href='https:\/\/fondationdesaveugles.org\/en\/telus-250px\/'><img width=\"250\" height=\"250\" src=\"https:\/\/fondationdesaveugles.org\/en\/wp-content\/uploads\/2016\/10\/telus-250px.png\" class=\"attachment-medium size-medium\" alt=\"Logo Telus\" decoding=\"async\" loading=\"lazy\" srcset=\"https:\/\/fondationdesaveugles.org\/en\/wp-content\/uploads\/2016\/10\/telus-250px.png 250w, https:\/\/fondationdesaveugles.org\/en\/wp-content\/uploads\/2016\/10\/telus-250px-150x150.png 150w, https:\/\/fondationdesaveugles.org\/en\/wp-content\/uploads\/2016\/10\/telus-250px-100x100.png 100w\" sizes=\"(max-width: 250px) 100vw, 250px\" \/><\/a>\n\t\t\t<\/div><\/figure><figure class='gallery-item'>\n\t\t\t<div class='gallery-icon landscape'>\n\t\t\t\t<a href='https:\/\/fondationdesaveugles.org\/en\/sport-loisir-montreal-250px\/'><img width=\"250\" height=\"250\" src=\"https:\/\/fondationdesaveugles.org\/en\/wp-content\/uploads\/2016\/10\/sport-loisir-montreal-250px.png\" class=\"attachment-medium size-medium\" alt=\"Logo Sport et loisir de l&#039;\u00eele de Montr\u00e9al\" decoding=\"async\" loading=\"lazy\" srcset=\"https:\/\/fondationdesaveugles.org\/en\/wp-content\/uploads\/2016\/10\/sport-loisir-montreal-250px.png 250w, https:\/\/fondationdesaveugles.org\/en\/wp-content\/uploads\/2016\/10\/sport-loisir-montreal-250px-150x150.png 150w, https:\/\/fondationdesaveugles.org\/en\/wp-content\/uploads\/2016\/10\/sport-loisir-montreal-250px-100x100.png 100w\" sizes=\"(max-width: 250px) 100vw, 250px\" \/><\/a>\n\t\t\t<\/div><\/figure><figure class='gallery-item'>\n\t\t\t<div class='gallery-icon landscape'>\n\t\t\t\t<a href='https:\/\/fondationdesaveugles.org\/en\/fondation-du-grand-montreal-250px\/'><img width=\"250\" height=\"250\" src=\"https:\/\/fondationdesaveugles.org\/en\/wp-content\/uploads\/2016\/09\/fondation-du-grand-montreal-250px.jpg\" class=\"attachment-medium size-medium\" alt=\"Logo Foundation of Greater Montr\u00e9al\" decoding=\"async\" loading=\"lazy\" srcset=\"https:\/\/fondationdesaveugles.org\/en\/wp-content\/uploads\/2016\/09\/fondation-du-grand-montreal-250px.jpg 250w, https:\/\/fondationdesaveugles.org\/en\/wp-content\/uploads\/2016\/09\/fondation-du-grand-montreal-250px-150x150.jpg 150w, https:\/\/fondationdesaveugles.org\/en\/wp-content\/uploads\/2016\/09\/fondation-du-grand-montreal-250px-100x100.jpg 100w\" sizes=\"(max-width: 250px) 100vw, 250px\" \/><\/a>\n\t\t\t<\/div><\/figure><figure class='gallery-item'>\n\t\t\t<div class='gallery-icon landscape'>\n\t\t\t\t<a href='https:\/\/fondationdesaveugles.org\/en\/association-pompiers-montreal-250px\/'><img width=\"250\" height=\"250\" src=\"https:\/\/fondationdesaveugles.org\/en\/wp-content\/uploads\/2016\/09\/association-pompiers-montreal-250px.jpg\" class=\"attachment-medium size-medium\" alt=\"Montreal Firefighters Association Logo\" decoding=\"async\" loading=\"lazy\" srcset=\"https:\/\/fondationdesaveugles.org\/en\/wp-content\/uploads\/2016\/09\/association-pompiers-montreal-250px.jpg 250w, https:\/\/fondationdesaveugles.org\/en\/wp-content\/uploads\/2016\/09\/association-pompiers-montreal-250px-150x150.jpg 150w, https:\/\/fondationdesaveugles.org\/en\/wp-content\/uploads\/2016\/09\/association-pompiers-montreal-250px-100x100.jpg 100w\" sizes=\"(max-width: 250px) 100vw, 250px\" \/><\/a>\n\t\t\t<\/div><\/figure><figure class='gallery-item'>\n\t\t\t<div class='gallery-icon landscape'>\n\t\t\t\t<a href='https:\/\/fondationdesaveugles.org\/en\/police-militaire-250px\/'><img width=\"250\" height=\"250\" src=\"https:\/\/fondationdesaveugles.org\/en\/wp-content\/uploads\/2016\/09\/police-militaire-250px.jpg\" class=\"attachment-medium size-medium\" alt=\"Canadian Armed Forces Military Police Logo\" decoding=\"async\" loading=\"lazy\" srcset=\"https:\/\/fondationdesaveugles.org\/en\/wp-content\/uploads\/2016\/09\/police-militaire-250px.jpg 250w, https:\/\/fondationdesaveugles.org\/en\/wp-content\/uploads\/2016\/09\/police-militaire-250px-150x150.jpg 150w, https:\/\/fondationdesaveugles.org\/en\/wp-content\/uploads\/2016\/09\/police-militaire-250px-100x100.jpg 100w\" sizes=\"(max-width: 250px) 100vw, 250px\" \/><\/a>\n\t\t\t<\/div><\/figure><figure class='gallery-item'>\n\t\t\t<div class='gallery-icon landscape'>\n\t\t\t\t<a href='https:\/\/fondationdesaveugles.org\/en\/fondation-bon-depart-250px\/'><img width=\"250\" height=\"250\" src=\"https:\/\/fondationdesaveugles.org\/en\/wp-content\/uploads\/2016\/09\/fondation-bon-depart-250px.jpg\" class=\"attachment-medium size-medium\" alt=\"Logo Fondation Bon d\u00e9part (Jumpstart)\" decoding=\"async\" loading=\"lazy\" srcset=\"https:\/\/fondationdesaveugles.org\/en\/wp-content\/uploads\/2016\/09\/fondation-bon-depart-250px.jpg 250w, https:\/\/fondationdesaveugles.org\/en\/wp-content\/uploads\/2016\/09\/fondation-bon-depart-250px-150x150.jpg 150w, https:\/\/fondationdesaveugles.org\/en\/wp-content\/uploads\/2016\/09\/fondation-bon-depart-250px-100x100.jpg 100w\" sizes=\"(max-width: 250px) 100vw, 250px\" \/><\/a>\n\t\t\t<\/div><\/figure><figure class='gallery-item'>\n\t\t\t<div class='gallery-icon landscape'>\n\t\t\t\t<a href='https:\/\/fondationdesaveugles.org\/en\/fondation-paul-a-fournier-250px\/'><img width=\"250\" height=\"250\" src=\"https:\/\/fondationdesaveugles.org\/en\/wp-content\/uploads\/2016\/10\/fondation-paul-a-fournier-250px.png\" class=\"attachment-medium size-medium\" alt=\"Logo Fondation Paul A. Fournier\" decoding=\"async\" loading=\"lazy\" srcset=\"https:\/\/fondationdesaveugles.org\/en\/wp-content\/uploads\/2016\/10\/fondation-paul-a-fournier-250px.png 250w, https:\/\/fondationdesaveugles.org\/en\/wp-content\/uploads\/2016\/10\/fondation-paul-a-fournier-250px-150x150.png 150w, https:\/\/fondationdesaveugles.org\/en\/wp-content\/uploads\/2016\/10\/fondation-paul-a-fournier-250px-100x100.png 100w\" sizes=\"(max-width: 250px) 100vw, 250px\" \/><\/a>\n\t\t\t<\/div><\/figure><figure class='gallery-item'>\n\t\t\t<div class='gallery-icon landscape'>\n\t\t\t\t<a href='https:\/\/fondationdesaveugles.org\/en\/gift-funds-canada-250px\/'><img width=\"250\" height=\"250\" src=\"https:\/\/fondationdesaveugles.org\/en\/wp-content\/uploads\/2016\/09\/gift-funds-canada-250px.png\" class=\"attachment-medium size-medium\" alt=\"Logo GiftFunds Canada\" decoding=\"async\" loading=\"lazy\" srcset=\"https:\/\/fondationdesaveugles.org\/en\/wp-content\/uploads\/2016\/09\/gift-funds-canada-250px.png 250w, https:\/\/fondationdesaveugles.org\/en\/wp-content\/uploads\/2016\/09\/gift-funds-canada-250px-150x150.png 150w, https:\/\/fondationdesaveugles.org\/en\/wp-content\/uploads\/2016\/09\/gift-funds-canada-250px-100x100.png 100w\" sizes=\"(max-width: 250px) 100vw, 250px\" \/><\/a>\n\t\t\t<\/div><\/figure><figure class='gallery-item'>\n\t\t\t<div class='gallery-icon landscape'>\n\t\t\t\t<a href='https:\/\/fondationdesaveugles.org\/en\/altergo-250px-2\/'><img width=\"250\" height=\"250\" src=\"https:\/\/fondationdesaveugles.org\/en\/wp-content\/uploads\/2016\/10\/altergo-250px.jpg\" class=\"attachment-medium size-medium\" alt=\"Logo Altergo\" decoding=\"async\" loading=\"lazy\" srcset=\"https:\/\/fondationdesaveugles.org\/en\/wp-content\/uploads\/2016\/10\/altergo-250px.jpg 250w, https:\/\/fondationdesaveugles.org\/en\/wp-content\/uploads\/2016\/10\/altergo-250px-150x150.jpg 150w, https:\/\/fondationdesaveugles.org\/en\/wp-content\/uploads\/2016\/10\/altergo-250px-100x100.jpg 100w\" sizes=\"(max-width: 250px) 100vw, 250px\" \/><\/a>\n\t\t\t<\/div><\/figure>\n\t\t<\/div>\n\n","protected":false},"excerpt":{"rendered":"<p>Thanks to all our generous partners! Have a partnership idea you\u2019d like to share? Visit our Partnerships and Sponsorships page! You can help us in different ways through, for example, sponsorship, donation, financing of activities, or promotion of the Foundation. We are always interested in hearing about your partnership ideas, [&#8230;]<\/p>\n","protected":false},"author":6,"featured_media":0,"parent":8051,"menu_order":4,"comment_status":"closed","ping_status":"closed","template":"","meta":[],"_links":{"self":[{"href":"https:\/\/fondationdesaveugles.org\/en\/wp-json\/wp\/v2\/pages\/8070"}],"collection":[{"href":"https:\/\/fondationdesaveugles.org\/en\/wp-json\/wp\/v2\/pages"}],"about":[{"href":"https:\/\/fondationdesaveugles.org\/en\/wp-json\/wp\/v2\/types\/page"}],"author":[{"embeddable":true,"href":"https:\/\/fondationdesaveugles.org\/en\/wp-json\/wp\/v2\/users\/6"}],"replies":[{"embeddable":true,"href":"https:\/\/fondationdesaveugles.org\/en\/wp-json\/wp\/v2\/comments?post=8070"}],"version-history":[{"count":9,"href":"https:\/\/fondationdesaveugles.org\/en\/wp-json\/wp\/v2\/pages\/8070\/revisions"}],"predecessor-version":[{"id":8531,"href":"https:\/\/fondationdesaveugles.org\/en\/wp-json\/wp\/v2\/pages\/8070\/revisions\/8531"}],"up":[{"embeddable":true,"href":"https:\/\/fondationdesaveugles.org\/en\/wp-json\/wp\/v2\/pages\/8051"}],"wp:attachment":[{"href":"https:\/\/fondationdesaveugles.org\/en\/wp-json\/wp\/v2\/media?parent=8070"}],"curies":[{"name":"wp","href":"https:\/\/api.w.org\/{rel}","templated":true}]}}