{"id":8115,"date":"2016-09-14T20:06:10","date_gmt":"2016-09-15T00:06:10","guid":{"rendered":"https:\/\/fondationdesaveugles.org\/en\/?page_id=8115"},"modified":"2019-07-03T10:12:00","modified_gmt":"2019-07-03T14:12:00","slug":"du-sport-pour-moi-program","status":"publish","type":"page","link":"https:\/\/fondationdesaveugles.org\/en\/our-services\/du-sport-pour-moi-program\/","title":{"rendered":"\u00ab Du sport pour moi! \u00bb Program"},"content":{"rendered":"<h2 style=\"text-align: center;\">Adapted sports for the visually impaired<\/h2>\n<h2><img decoding=\"async\" loading=\"lazy\" class=\" wp-image-6590 alignleft\" src=\"https:\/\/fondationdesaveugles.org\/en\/wp-content\/uploads\/2016\/09\/du-sport-pour-moi-2.png\" alt=\"&quot;Du Sport pour moi&quot; Program  - Du sport pour moi and FAQ logos\" width=\"205\" height=\"404\" srcset=\"https:\/\/fondationdesaveugles.org\/en\/wp-content\/uploads\/2016\/09\/du-sport-pour-moi-2.png 219w, https:\/\/fondationdesaveugles.org\/en\/wp-content\/uploads\/2016\/09\/du-sport-pour-moi-2-152x300.png 152w\" sizes=\"(max-width: 205px) 100vw, 205px\" \/><\/h2>\n<p>The \u201cDu Sport pour Moi\u201d program, organized in partnership with the ASAQ and the Institut Nazareth et Louis-Braille, promotes sports adapted for the visually impaired. The project targets youths with visual impairment from six to fourteen years of age, and offers two sessions (fall\/winter), ten workshops per session, and seven different sports.<\/p>\n<p>The practice of sports is a key element in the development of children\u2019s cognitive and social skills. Specialized coaches each receive visual impairment intervention training that allows them to adapt their teaching methods to clients. A kinesiology specialist is also present with the children throughout the session to provide conditions conducive to learning for all.<\/p>\n<h3>Initiation Chapter<\/h3>\n<p>The Initiation component is for new participants. They will be introduced over three consecutive weeks to different sports: athletics, goalball, and swimming (in the fall), and cross-country skiing, ice skating, snowshoeing, and one class of self-defence (in the winter). The workshops will be structured so that participants learn a technique and can subsequently implement it during a play period.<\/p>\n<h3>Development Chapter<\/h3>\n<p>By the second year, participants can enroll in the development component to improve their techniques in a single sport. This method is for those who wish to concentrate on one specific sport. During the winter of 2016, participants will be able to choose between self-defence and climbing. Throughout the session, they will be able to evolve and learn different techniques according to their level of learning.<\/p>\n<h3>Advantages<\/h3>\n<p>Participants develop their cognitive and social skills. In addition, parents have observed greater autonomy in their children after participation in the program.<\/p>\n<h3><img decoding=\"async\" loading=\"lazy\" class=\" wp-image-6608 alignright\" src=\"https:\/\/fondationdesaveugles.org\/en\/wp-content\/uploads\/2016\/09\/logo-asaq-inlb.png\" alt=\"Association sportive des aveugles du Qu\u00e9bec (ASAQ) and Institut Nazareth et Louis-Braille INLB logos - ued for &quot;Du Sport pour moi&quot; Program\" width=\"126\" height=\"228\" srcset=\"https:\/\/fondationdesaveugles.org\/en\/wp-content\/uploads\/2016\/09\/logo-asaq-inlb.png 219w, https:\/\/fondationdesaveugles.org\/en\/wp-content\/uploads\/2016\/09\/logo-asaq-inlb-166x300.png 166w\" sizes=\"(max-width: 126px) 100vw, 126px\" \/>A positive change in the world of sport<\/h3>\n<p>Many collaborators now offer adapted courses:<\/p>\n<ul>\n<li>Ski de fond Qu\u00e9bec<\/li>\n<li>La F\u00e9d\u00e9ration de natation du Qu\u00e9bec<\/li>\n<li>Le club d\u2019athl\u00e9tisme Saint-Laurent S\u00e9lect<\/li>\n<\/ul>\n<p>All the details on <a href=\"https:\/\/sportsaveugles.qc.ca\" target=\"_blank\" rel=\"noopener noreferrer\"><strong>sportsaveugles.qc.ca<\/strong><\/a><\/p>\n","protected":false},"excerpt":{"rendered":"<p>Adapted sports for the visually impaired The \u201cDu Sport pour Moi\u201d program, organized in partnership with the ASAQ and the Institut Nazareth et Louis-Braille, promotes sports adapted for the visually impaired. The project targets youths with visual impairment from six to fourteen years of age, and offers two sessions (fall\/winter), [&#8230;]<\/p>\n","protected":false},"author":6,"featured_media":0,"parent":8112,"menu_order":0,"comment_status":"closed","ping_status":"closed","template":"","meta":[],"_links":{"self":[{"href":"https:\/\/fondationdesaveugles.org\/en\/wp-json\/wp\/v2\/pages\/8115"}],"collection":[{"href":"https:\/\/fondationdesaveugles.org\/en\/wp-json\/wp\/v2\/pages"}],"about":[{"href":"https:\/\/fondationdesaveugles.org\/en\/wp-json\/wp\/v2\/types\/page"}],"author":[{"embeddable":true,"href":"https:\/\/fondationdesaveugles.org\/en\/wp-json\/wp\/v2\/users\/6"}],"replies":[{"embeddable":true,"href":"https:\/\/fondationdesaveugles.org\/en\/wp-json\/wp\/v2\/comments?post=8115"}],"version-history":[{"count":5,"href":"https:\/\/fondationdesaveugles.org\/en\/wp-json\/wp\/v2\/pages\/8115\/revisions"}],"predecessor-version":[{"id":8440,"href":"https:\/\/fondationdesaveugles.org\/en\/wp-json\/wp\/v2\/pages\/8115\/revisions\/8440"}],"up":[{"embeddable":true,"href":"https:\/\/fondationdesaveugles.org\/en\/wp-json\/wp\/v2\/pages\/8112"}],"wp:attachment":[{"href":"https:\/\/fondationdesaveugles.org\/en\/wp-json\/wp\/v2\/media?parent=8115"}],"curies":[{"name":"wp","href":"https:\/\/api.w.org\/{rel}","templated":true}]}}