{"id":8161,"date":"2017-01-28T14:34:53","date_gmt":"2017-01-28T19:34:53","guid":{"rendered":"https:\/\/fondationdesaveugles.org\/en\/?page_id=8161"},"modified":"2022-07-19T15:40:24","modified_gmt":"2022-07-19T19:40:24","slug":"humour-aveugle-gala","status":"publish","type":"page","link":"https:\/\/fondationdesaveugles.org\/en\/events\/humour-aveugle-gala\/","title":{"rendered":"Humour Aveugle Gala"},"content":{"rendered":"<h2 style=\"text-align: center;\"><img decoding=\"async\" loading=\"lazy\" class=\"alignnone wp-image-6666\" src=\"https:\/\/fondationdesaveugles.org\/en\/wp-content\/uploads\/2016\/07\/evenements-humour-aveugle2016.jpg\" alt=\"2016 Humour Aveugle Header - 1300x728\" width=\"457\" height=\"256\" srcset=\"https:\/\/fondationdesaveugles.org\/en\/wp-content\/uploads\/2016\/07\/evenements-humour-aveugle2016.jpg 1300w, https:\/\/fondationdesaveugles.org\/en\/wp-content\/uploads\/2016\/07\/evenements-humour-aveugle2016-300x168.jpg 300w, https:\/\/fondationdesaveugles.org\/en\/wp-content\/uploads\/2016\/07\/evenements-humour-aveugle2016-768x430.jpg 768w, https:\/\/fondationdesaveugles.org\/en\/wp-content\/uploads\/2016\/07\/evenements-humour-aveugle2016-1024x573.jpg 1024w\" sizes=\"(max-width: 457px) 100vw, 457px\" \/><\/h2>\n<h2 style=\"text-align: center;\">15 years of Humour to benefit the Blind<\/h2>\n<p><img decoding=\"async\" loading=\"lazy\" class=\"wp-image-6817 alignleft\" src=\"https:\/\/fondationdesaveugles.org\/en\/wp-content\/uploads\/2015\/06\/evenements-humour-aveugle2016-02.png\" alt=\"Events 2016 Humour aveugle - R\u00e9al B\u00e9land\" width=\"169\" height=\"169\" srcset=\"https:\/\/fondationdesaveugles.org\/en\/wp-content\/uploads\/2015\/06\/evenements-humour-aveugle2016-02.png 413w, https:\/\/fondationdesaveugles.org\/en\/wp-content\/uploads\/2015\/06\/evenements-humour-aveugle2016-02-150x150.png 150w, https:\/\/fondationdesaveugles.org\/en\/wp-content\/uploads\/2015\/06\/evenements-humour-aveugle2016-02-300x300.png 300w, https:\/\/fondationdesaveugles.org\/en\/wp-content\/uploads\/2015\/06\/evenements-humour-aveugle2016-02-100x100.png 100w\" sizes=\"(max-width: 169px) 100vw, 169px\" \/>Since 2004, the Humour Aveugle galas are a unique opportunity to combine the generosity of Quebecers and their love for comedy. Held twice a year, over one or two evenings, these very popular events amongst Montrealers offer a show lasting more than three hours, during which many renowned and next-generation comedians take the stage.<\/p>\n<p><img decoding=\"async\" loading=\"lazy\" class=\"size-full wp-image-6664 alignright\" src=\"https:\/\/fondationdesaveugles.org\/en\/wp-content\/uploads\/2016\/07\/evenements-humour-aveugle2016-03.png\" alt=\"2016 Humour Aveugle Marquese at Th\u00e9\u00e2tre Saint-Denis\" width=\"188\" height=\"188\" srcset=\"https:\/\/fondationdesaveugles.org\/en\/wp-content\/uploads\/2016\/07\/evenements-humour-aveugle2016-03.png 188w, https:\/\/fondationdesaveugles.org\/en\/wp-content\/uploads\/2016\/07\/evenements-humour-aveugle2016-03-150x150.png 150w, https:\/\/fondationdesaveugles.org\/en\/wp-content\/uploads\/2016\/07\/evenements-humour-aveugle2016-03-100x100.png 100w\" sizes=\"(max-width: 188px) 100vw, 188px\" \/><\/p>\n<div class=\"wpb_column vc_column_container vc_col-sm-8\">\n<div class=\"vc_column-inner \">\n<div class=\"wpb_wrapper\">\n<div class=\"wpb_text_column wpb_content_element \">\n<div class=\"wpb_wrapper\">\n<p>The <em>Humour Aveugle<\/em> galas have brought incredible visibility to the Quebec Foundation for the Blind. Thousands of spectators have been made aware of the Foundation\u2019s mission.<\/p>\n<p>First presented at the G\u00e9su and then at the Olympia, the galas have been taking place at the Th\u00e9\u00e2tre St-Denis in Montreal for over 10 years.<\/p>\n<\/div>\n<\/div>\n<\/div>\n<\/div>\n<\/div>\n<figure id=\"attachment_6524\" aria-describedby=\"caption-attachment-6524\" style=\"width: 243px\" class=\"wp-caption alignleft\"><img decoding=\"async\" loading=\"lazy\" class=\" wp-image-6524\" src=\"https:\/\/fondationdesaveugles.org\/en\/wp-content\/uploads\/2016\/10\/gala-humour-aveugle-21e-edition.jpg\" alt=\"21th Gala Humour Aveugle - Claudine Mercier et Marie-Lise Pilote\" width=\"243\" height=\"162\" srcset=\"https:\/\/fondationdesaveugles.org\/en\/wp-content\/uploads\/2016\/10\/gala-humour-aveugle-21e-edition.jpg 960w, https:\/\/fondationdesaveugles.org\/en\/wp-content\/uploads\/2016\/10\/gala-humour-aveugle-21e-edition-300x200.jpg 300w, https:\/\/fondationdesaveugles.org\/en\/wp-content\/uploads\/2016\/10\/gala-humour-aveugle-21e-edition-768x512.jpg 768w\" sizes=\"(max-width: 243px) 100vw, 243px\" \/><figcaption id=\"caption-attachment-6524\" class=\"wp-caption-text\">Claudine Mercier et Marie-Lise Pilote<\/figcaption><\/figure>\n<p>In previous editions, the audience enjoyed performances by<strong>Fran\u00e7ois L\u00e9veill\u00e9e, Fran\u00e7ois Massicotte, Louis-Jos\u00e9 Houde, Steeve Diamond, Cathy Gauthier, Guy Nantel, Sylvain Larocque, Jean-Fran\u00e7ois Mercier, Maxim Martin, Mario Jean, Peter Macleod, Jean-Michel Anctil, Martin Petit, Andr\u00e9 Sauv\u00e9, Lise Dion, Rachid Badouri<\/strong>, and many others.<\/p>\n<div class=\"vc_custom_heading\">\n<blockquote>\n<p style=\"text-align: right;\"><span style=\"color: #000080;\"><b>The Next Edition<br \/>\n<\/b>There will be over three hours of performances on two nights; the host and guest comedians will be announced <strong>on our <a href=\"https:\/\/en-gb.facebook.com\/fondationaveuglesqc\" target=\"_blank\" rel=\"noopener\">Facebook page<\/a><\/strong><br \/>\n<\/span><\/p>\n<\/blockquote>\n<h3>Key Figures of the Humour Aveugle Galas<\/h3>\n<\/div>\n<div class=\"vc_row wpb_row vc_inner vc_row-fluid vc_custom_1471110773738\">\n<div class=\"wpb_column vc_column_container vc_col-sm-12\">\n<div class=\"vc_column-inner \">\n<div class=\"wpb_wrapper\">\n<div class=\"wpb_text_column wpb_content_element \">\n<div class=\"wpb_wrapper\">\n<ul>\n<li style=\"text-align: left;\">35 editions since 2004<\/li>\n<li style=\"text-align: left;\">Over 125,000 spectators to date<\/li>\n<li style=\"text-align: left;\">8 comedians per gala<\/li>\n<li style=\"text-align: left;\">More than 100 participating comedians<\/li>\n<li style=\"text-align: left;\">Over 3 hours of performances<\/li>\n<li style=\"text-align: left;\">2,200 seats available per night<\/li>\n<\/ul>\n<\/div>\n<\/div>\n<\/div>\n<\/div>\n<\/div>\n<\/div>\n","protected":false},"excerpt":{"rendered":"<p>15 years of Humour to benefit the Blind Since 2004, the Humour Aveugle galas are a unique opportunity to combine the generosity of Quebecers and their love for comedy. Held twice a year, over one or two evenings, these very popular events amongst Montrealers offer a show lasting more than [&#8230;]<\/p>\n","protected":false},"author":6,"featured_media":0,"parent":8159,"menu_order":1,"comment_status":"closed","ping_status":"closed","template":"","meta":[],"_links":{"self":[{"href":"https:\/\/fondationdesaveugles.org\/en\/wp-json\/wp\/v2\/pages\/8161"}],"collection":[{"href":"https:\/\/fondationdesaveugles.org\/en\/wp-json\/wp\/v2\/pages"}],"about":[{"href":"https:\/\/fondationdesaveugles.org\/en\/wp-json\/wp\/v2\/types\/page"}],"author":[{"embeddable":true,"href":"https:\/\/fondationdesaveugles.org\/en\/wp-json\/wp\/v2\/users\/6"}],"replies":[{"embeddable":true,"href":"https:\/\/fondationdesaveugles.org\/en\/wp-json\/wp\/v2\/comments?post=8161"}],"version-history":[{"count":13,"href":"https:\/\/fondationdesaveugles.org\/en\/wp-json\/wp\/v2\/pages\/8161\/revisions"}],"predecessor-version":[{"id":8184,"href":"https:\/\/fondationdesaveugles.org\/en\/wp-json\/wp\/v2\/pages\/8161\/revisions\/8184"}],"up":[{"embeddable":true,"href":"https:\/\/fondationdesaveugles.org\/en\/wp-json\/wp\/v2\/pages\/8159"}],"wp:attachment":[{"href":"https:\/\/fondationdesaveugles.org\/en\/wp-json\/wp\/v2\/media?parent=8161"}],"curies":[{"name":"wp","href":"https:\/\/api.w.org\/{rel}","templated":true}]}}