{"id":8218,"date":"2017-10-06T10:03:23","date_gmt":"2017-10-06T14:03:23","guid":{"rendered":"https:\/\/fondationdesaveugles.org\/en\/?page_id=8218"},"modified":"2019-07-03T12:49:15","modified_gmt":"2019-07-03T16:49:15","slug":"get-involved","status":"publish","type":"page","link":"https:\/\/fondationdesaveugles.org\/en\/get-involved\/","title":{"rendered":"Get Involved"},"content":{"rendered":"<h2 style=\"text-align: center;\"><img decoding=\"async\" loading=\"lazy\" class=\"size-full wp-image-7368 aligncenter\" src=\"https:\/\/fondationdesaveugles.org\/en\/wp-content\/uploads\/2019\/06\/Partenaires-PIX-forward-3351497_1280.jpg\" alt=\"Get involved - Partners -PIX- handshake\" width=\"1280\" height=\"625\" srcset=\"https:\/\/fondationdesaveugles.org\/en\/wp-content\/uploads\/2019\/06\/Partenaires-PIX-forward-3351497_1280.jpg 1280w, https:\/\/fondationdesaveugles.org\/en\/wp-content\/uploads\/2019\/06\/Partenaires-PIX-forward-3351497_1280-150x73.jpg 150w, https:\/\/fondationdesaveugles.org\/en\/wp-content\/uploads\/2019\/06\/Partenaires-PIX-forward-3351497_1280-300x146.jpg 300w, https:\/\/fondationdesaveugles.org\/en\/wp-content\/uploads\/2019\/06\/Partenaires-PIX-forward-3351497_1280-768x375.jpg 768w, https:\/\/fondationdesaveugles.org\/en\/wp-content\/uploads\/2019\/06\/Partenaires-PIX-forward-3351497_1280-1024x500.jpg 1024w\" sizes=\"(max-width: 1280px) 100vw, 1280px\" \/><\/h2>\n<h2 style=\"text-align: center;\">The Quebec Foundation for the Blind needs you!<\/h2>\n<div class=\"wpb_column vc_column_container vc_col-sm-12\">\n<div class=\"vc_column-inner \">\n<div class=\"wpb_wrapper\">\n<div class=\"wpb_text_column wpb_content_element \">\n<div class=\"wpb_wrapper\">\n<p>Your energy, your smile, and your experience will help us improve the quality of life of the blind and help them live more active and independent lives.<\/p>\n<\/div>\n<\/div>\n<\/div>\n<\/div>\n<\/div>\n<p><img decoding=\"async\" loading=\"lazy\" class=\"alignnone  wp-image-8248\" src=\"https:\/\/fondationdesaveugles.org\/en\/wp-content\/uploads\/2019\/06\/header-simpliquer-web.jpg\" alt=\"Header Get involved - Become a volunteer or an intern - A counseller with a group of young blind people\" width=\"372\" height=\"148\" srcset=\"https:\/\/fondationdesaveugles.org\/en\/wp-content\/uploads\/2019\/06\/header-simpliquer-web.jpg 1200w, https:\/\/fondationdesaveugles.org\/en\/wp-content\/uploads\/2019\/06\/header-simpliquer-web-150x60.jpg 150w, https:\/\/fondationdesaveugles.org\/en\/wp-content\/uploads\/2019\/06\/header-simpliquer-web-300x119.jpg 300w, https:\/\/fondationdesaveugles.org\/en\/wp-content\/uploads\/2019\/06\/header-simpliquer-web-768x305.jpg 768w, https:\/\/fondationdesaveugles.org\/en\/wp-content\/uploads\/2019\/06\/header-simpliquer-web-1024x407.jpg 1024w\" sizes=\"(max-width: 372px) 100vw, 372px\" \/><\/p>\n<h3><a href=\"https:\/\/fondationdesaveugles.org\/en\/get-involved\/become-a-volunteer-or-an-intern\/\" target=\"_blank\" rel=\"noopener noreferrer\">Become a volunteer or an intern<\/a><\/h3>\n<p><a href=\"https:\/\/fondationdesaveugles.org\/en\/impliquez-vous\/partenariats-et-commandites\" target=\"_blank\" rel=\"noopener noreferrer\"><img decoding=\"async\" loading=\"lazy\" class=\"wp-image-6731 alignright\" src=\"https:\/\/fondationdesaveugles.org\/en\/wp-content\/uploads\/2016\/06\/header-offrir-une-activite.jpg\" alt=\"Ent\u00eate, Header - Get Involved -Donate an Activity - At the aerodromeartenariats et commandites - \u00c0 l'a\u00e9rodrome\" width=\"390\" height=\"155\" srcset=\"https:\/\/fondationdesaveugles.org\/en\/wp-content\/uploads\/2016\/06\/header-offrir-une-activite.jpg 1902w, https:\/\/fondationdesaveugles.org\/en\/wp-content\/uploads\/2016\/06\/header-offrir-une-activite-300x119.jpg 300w, https:\/\/fondationdesaveugles.org\/en\/wp-content\/uploads\/2016\/06\/header-offrir-une-activite-768x305.jpg 768w, https:\/\/fondationdesaveugles.org\/en\/wp-content\/uploads\/2016\/06\/header-offrir-une-activite-1024x407.jpg 1024w\" sizes=\"(max-width: 390px) 100vw, 390px\" \/><\/a><\/p>\n<h3 style=\"text-align: right;\"><a href=\"https:\/\/fondationdesaveugles.org\/en\/get-involved\/partnerships-and-sponsorships\/\" target=\"_blank\" rel=\"noopener noreferrer\">Partnerships and Sponsorships<\/a><\/h3>\n<p><img decoding=\"async\" loading=\"lazy\" class=\"alignnone  wp-image-8247\" src=\"https:\/\/fondationdesaveugles.org\/en\/wp-content\/uploads\/2019\/06\/header-partenariats-commandites-web.jpg\" alt=\"Partenariats et commandites Montre des gens en rafting 2016\/06\/01\" width=\"362\" height=\"144\" srcset=\"https:\/\/fondationdesaveugles.org\/en\/wp-content\/uploads\/2019\/06\/header-partenariats-commandites-web.jpg 1200w, https:\/\/fondationdesaveugles.org\/en\/wp-content\/uploads\/2019\/06\/header-partenariats-commandites-web-150x60.jpg 150w, https:\/\/fondationdesaveugles.org\/en\/wp-content\/uploads\/2019\/06\/header-partenariats-commandites-web-300x119.jpg 300w, https:\/\/fondationdesaveugles.org\/en\/wp-content\/uploads\/2019\/06\/header-partenariats-commandites-web-768x305.jpg 768w, https:\/\/fondationdesaveugles.org\/en\/wp-content\/uploads\/2019\/06\/header-partenariats-commandites-web-1024x407.jpg 1024w\" sizes=\"(max-width: 362px) 100vw, 362px\" \/><\/p>\n<h3><a href=\"https:\/\/fondationdesaveugles.org\/en\/get-involved\/donate-an-activity\/\" target=\"_blank\" rel=\"noopener noreferrer\">Donate an activity<\/a><\/h3>\n<p><img decoding=\"async\" loading=\"lazy\" class=\" wp-image-7446 alignright\" src=\"https:\/\/fondationdesaveugles.org\/en\/wp-content\/uploads\/2019\/06\/PIX-argent-fait-pousser-621346_1280-e1559755899902.jpg\" alt=\"PIX-Donate - small plants growing on  a heap of change\" width=\"367\" height=\"207\" srcset=\"https:\/\/fondationdesaveugles.org\/en\/wp-content\/uploads\/2019\/06\/PIX-argent-fait-pousser-621346_1280-e1559755899902.jpg 1264w, https:\/\/fondationdesaveugles.org\/en\/wp-content\/uploads\/2019\/06\/PIX-argent-fait-pousser-621346_1280-e1559755899902-150x85.jpg 150w, https:\/\/fondationdesaveugles.org\/en\/wp-content\/uploads\/2019\/06\/PIX-argent-fait-pousser-621346_1280-e1559755899902-300x169.jpg 300w, https:\/\/fondationdesaveugles.org\/en\/wp-content\/uploads\/2019\/06\/PIX-argent-fait-pousser-621346_1280-e1559755899902-768x433.jpg 768w, https:\/\/fondationdesaveugles.org\/en\/wp-content\/uploads\/2019\/06\/PIX-argent-fait-pousser-621346_1280-e1559755899902-1024x578.jpg 1024w\" sizes=\"(max-width: 367px) 100vw, 367px\" \/><\/p>\n<h3 style=\"text-align: right;\"><a href=\"https:\/\/fondationdesaveugles.org\/en\/donate\/\" target=\"_blank\" rel=\"noopener noreferrer\">Donate<\/a><\/h3>\n<p>&nbsp;<\/p>\n","protected":false},"excerpt":{"rendered":"<p>The Quebec Foundation for the Blind needs you! Your energy, your smile, and your experience will help us improve the quality of life of the blind and help them live more active and independent lives. Become a volunteer or an intern Partnerships and Sponsorships Donate an activity Donate &nbsp;<\/p>\n","protected":false},"author":6,"featured_media":0,"parent":0,"menu_order":3,"comment_status":"closed","ping_status":"closed","template":"","meta":[],"_links":{"self":[{"href":"https:\/\/fondationdesaveugles.org\/en\/wp-json\/wp\/v2\/pages\/8218"}],"collection":[{"href":"https:\/\/fondationdesaveugles.org\/en\/wp-json\/wp\/v2\/pages"}],"about":[{"href":"https:\/\/fondationdesaveugles.org\/en\/wp-json\/wp\/v2\/types\/page"}],"author":[{"embeddable":true,"href":"https:\/\/fondationdesaveugles.org\/en\/wp-json\/wp\/v2\/users\/6"}],"replies":[{"embeddable":true,"href":"https:\/\/fondationdesaveugles.org\/en\/wp-json\/wp\/v2\/comments?post=8218"}],"version-history":[{"count":8,"href":"https:\/\/fondationdesaveugles.org\/en\/wp-json\/wp\/v2\/pages\/8218\/revisions"}],"predecessor-version":[{"id":8457,"href":"https:\/\/fondationdesaveugles.org\/en\/wp-json\/wp\/v2\/pages\/8218\/revisions\/8457"}],"wp:attachment":[{"href":"https:\/\/fondationdesaveugles.org\/en\/wp-json\/wp\/v2\/media?parent=8218"}],"curies":[{"name":"wp","href":"https:\/\/api.w.org\/{rel}","templated":true}]}}