{"id":8220,"date":"2016-12-24T10:03:26","date_gmt":"2016-12-24T15:03:26","guid":{"rendered":"https:\/\/fondationdesaveugles.org\/en\/?page_id=8220"},"modified":"2022-07-19T15:37:47","modified_gmt":"2022-07-19T19:37:47","slug":"partnerships-and-sponsorships","status":"publish","type":"page","link":"https:\/\/fondationdesaveugles.org\/en\/get-involved\/partnerships-and-sponsorships\/","title":{"rendered":"Partnerships and Sponsorships"},"content":{"rendered":"<h2 style=\"text-align: center;\"><b><img decoding=\"async\" loading=\"lazy\" class=\"size-full wp-image-6731 aligncenter\" src=\"https:\/\/fondationdesaveugles.org\/en\/wp-content\/uploads\/2016\/06\/header-offrir-une-activite.jpg\" alt=\"Ent\u00eate, Header - Get Involved -Donate an Activity - At the aerodromeartenariats et commandites - \u00c0 l'a\u00e9rodrome\" width=\"1902\" height=\"756\" srcset=\"https:\/\/fondationdesaveugles.org\/en\/wp-content\/uploads\/2016\/06\/header-offrir-une-activite.jpg 1902w, https:\/\/fondationdesaveugles.org\/en\/wp-content\/uploads\/2016\/06\/header-offrir-une-activite-300x119.jpg 300w, https:\/\/fondationdesaveugles.org\/en\/wp-content\/uploads\/2016\/06\/header-offrir-une-activite-768x305.jpg 768w, https:\/\/fondationdesaveugles.org\/en\/wp-content\/uploads\/2016\/06\/header-offrir-une-activite-1024x407.jpg 1024w\" sizes=\"(max-width: 1902px) 100vw, 1902px\" \/><\/b><\/h2>\n<h2 style=\"text-align: center;\"><b>Partners&#8217; and sponsors&#8217; support matters<\/b><\/h2>\n<div class=\"wpb_text_column wpb_content_element \">\n<div class=\"wpb_wrapper\">\n<p>By supporting the Quebec Foundation for the Blind, you will help battle the isolation that people with visual impairment face. You can help us in different ways by:<\/p>\n<div class=\"wpb_text_column wpb_content_element \">\n<div class=\"wpb_wrapper\">\n<ul>\n<li><img decoding=\"async\" loading=\"lazy\" class=\" wp-image-7459 alignright\" src=\"https:\/\/fondationdesaveugles.org\/en\/wp-content\/uploads\/2019\/06\/PIX-success-thumb-328420_640-e1559846076860.jpg\" alt=\"PIX-Get Involved - Partnerships and Sponsorships\" width=\"98\" height=\"134\" srcset=\"https:\/\/fondationdesaveugles.org\/en\/wp-content\/uploads\/2019\/06\/PIX-success-thumb-328420_640-e1559846076860.jpg 438w, https:\/\/fondationdesaveugles.org\/en\/wp-content\/uploads\/2019\/06\/PIX-success-thumb-328420_640-e1559846076860-109x150.jpg 109w, https:\/\/fondationdesaveugles.org\/en\/wp-content\/uploads\/2019\/06\/PIX-success-thumb-328420_640-e1559846076860-219x300.jpg 219w\" sizes=\"(max-width: 98px) 100vw, 98px\" \/>Donating or financing an activity;<\/li>\n<li>Organizing a fundraising event;<\/li>\n<li>Promoting the Foundation within your organization;<\/li>\n<li>Becoming a sponsor of the Foundation.<\/li>\n<\/ul>\n<p>This list is not exhaustive. We are always interested in hearing about your partnership ideas, even the most unique!<\/p>\n<\/div>\n<\/div>\n<\/div>\n<\/div>\n<h3><b>Our Crowdfunding Campaign<br \/>\n<\/b><\/h3>\n<div class=\"wpb_text_column wpb_content_element \">\n<div class=\"wpb_wrapper\">\n<p>In 2017, we will innovate by launching a crowdfunding campaign that will allow us to implement major projects, such as:<\/p>\n<p><img decoding=\"async\" loading=\"lazy\" class=\"wp-image-7447 alignleft\" src=\"https:\/\/fondationdesaveugles.org\/en\/wp-content\/uploads\/2019\/06\/PIX-dollar-660223_640-small.jpg\" alt=\"PIX-Donate - Golden Dollar sign on blue background\" width=\"63\" height=\"106\" srcset=\"https:\/\/fondationdesaveugles.org\/en\/wp-content\/uploads\/2019\/06\/PIX-dollar-660223_640-small.jpg 357w, https:\/\/fondationdesaveugles.org\/en\/wp-content\/uploads\/2019\/06\/PIX-dollar-660223_640-small-89x150.jpg 89w, https:\/\/fondationdesaveugles.org\/en\/wp-content\/uploads\/2019\/06\/PIX-dollar-660223_640-small-178x300.jpg 178w\" sizes=\"(max-width: 63px) 100vw, 63px\" \/>1. Hiring an attendant for housing managed by the Foundation;<br \/>\n2. Creating a single information point (with other organizations);<br \/>\n3. Expanding the attendant service offered on evenings and weekends;<br \/>\n4. Making our activities more accessible to disadvantaged youths.<\/p>\n<p>Sociofinancing is an innovative fundraising concept. It allows our two Foundations to bring together a community of people who support us. Thus, we offer our donors prizes from our sponsors in exchange for their donation. This is an opportunity for our sponsors to reach a potential target, while associating themselves with a positive action.<\/p>\n<\/div>\n<\/div>\n<div class=\"wpb_text_column wpb_content_element \">\n<div class=\"wpb_wrapper\">\n<h3>Two Events, Two Opportunities<\/h3>\n<\/div>\n<\/div>\n<div class=\"wpb_text_column wpb_content_element \">\n<div class=\"wpb_wrapper\">\n<p>Become a sponsor of our two biggest events of the year. Each bringing together thousands of spectators, you will have the opportunity to reach a large audience while supporting a cause that is important to you.<\/p>\n<\/div>\n<\/div>\n","protected":false},"excerpt":{"rendered":"<p>Partners&#8217; and sponsors&#8217; support matters By supporting the Quebec Foundation for the Blind, you will help battle the isolation that people with visual impairment face. You can help us in different ways by: Donating or financing an activity; Organizing a fundraising event; Promoting the Foundation within your organization; Becoming a [&#8230;]<\/p>\n","protected":false},"author":6,"featured_media":0,"parent":8218,"menu_order":2,"comment_status":"closed","ping_status":"closed","template":"","meta":[],"_links":{"self":[{"href":"https:\/\/fondationdesaveugles.org\/en\/wp-json\/wp\/v2\/pages\/8220"}],"collection":[{"href":"https:\/\/fondationdesaveugles.org\/en\/wp-json\/wp\/v2\/pages"}],"about":[{"href":"https:\/\/fondationdesaveugles.org\/en\/wp-json\/wp\/v2\/types\/page"}],"author":[{"embeddable":true,"href":"https:\/\/fondationdesaveugles.org\/en\/wp-json\/wp\/v2\/users\/6"}],"replies":[{"embeddable":true,"href":"https:\/\/fondationdesaveugles.org\/en\/wp-json\/wp\/v2\/comments?post=8220"}],"version-history":[{"count":6,"href":"https:\/\/fondationdesaveugles.org\/en\/wp-json\/wp\/v2\/pages\/8220\/revisions"}],"predecessor-version":[{"id":8508,"href":"https:\/\/fondationdesaveugles.org\/en\/wp-json\/wp\/v2\/pages\/8220\/revisions\/8508"}],"up":[{"embeddable":true,"href":"https:\/\/fondationdesaveugles.org\/en\/wp-json\/wp\/v2\/pages\/8218"}],"wp:attachment":[{"href":"https:\/\/fondationdesaveugles.org\/en\/wp-json\/wp\/v2\/media?parent=8220"}],"curies":[{"name":"wp","href":"https:\/\/api.w.org\/{rel}","templated":true}]}}