{"id":8221,"date":"2016-12-24T10:03:28","date_gmt":"2016-12-24T15:03:28","guid":{"rendered":"https:\/\/fondationdesaveugles.org\/en\/?page_id=8221"},"modified":"2019-07-03T13:01:52","modified_gmt":"2019-07-03T17:01:52","slug":"donate-an-activity","status":"publish","type":"page","link":"https:\/\/fondationdesaveugles.org\/en\/get-involved\/donate-an-activity\/","title":{"rendered":"Donate an activity"},"content":{"rendered":"<h2 style=\"text-align: center;\"><img decoding=\"async\" loading=\"lazy\" class=\" wp-image-8247 aligncenter\" src=\"https:\/\/fondationdesaveugles.org\/en\/wp-content\/uploads\/2019\/06\/header-partenariats-commandites-web.jpg\" alt=\"Partenariats et commandites Montre des gens en rafting 2016\/06\/01\" width=\"553\" height=\"220\" srcset=\"https:\/\/fondationdesaveugles.org\/en\/wp-content\/uploads\/2019\/06\/header-partenariats-commandites-web.jpg 1200w, https:\/\/fondationdesaveugles.org\/en\/wp-content\/uploads\/2019\/06\/header-partenariats-commandites-web-150x60.jpg 150w, https:\/\/fondationdesaveugles.org\/en\/wp-content\/uploads\/2019\/06\/header-partenariats-commandites-web-300x119.jpg 300w, https:\/\/fondationdesaveugles.org\/en\/wp-content\/uploads\/2019\/06\/header-partenariats-commandites-web-768x305.jpg 768w, https:\/\/fondationdesaveugles.org\/en\/wp-content\/uploads\/2019\/06\/header-partenariats-commandites-web-1024x407.jpg 1024w\" sizes=\"(max-width: 553px) 100vw, 553px\" \/><\/h2>\n<h2 style=\"text-align: center;\">Donate or finance an activity<\/h2>\n<blockquote><p><img decoding=\"async\" loading=\"lazy\" class=\" wp-image-6753 alignright\" src=\"https:\/\/fondationdesaveugles.org\/en\/wp-content\/uploads\/2016\/06\/offrir-une-activite.png\" alt=\"Donate an activity Bubbles\" width=\"156\" height=\"200\" srcset=\"https:\/\/fondationdesaveugles.org\/en\/wp-content\/uploads\/2016\/06\/offrir-une-activite.png 254w, https:\/\/fondationdesaveugles.org\/en\/wp-content\/uploads\/2016\/06\/offrir-une-activite-234x300.png 234w\" sizes=\"(max-width: 156px) 100vw, 156px\" \/><span style=\"color: #000080;\"><em><strong>Have a direct impact on the lives of blind and visually impaired youths by providing and funding an activity of your choice. It may be a cultural, sporting, or recreational activity.<\/strong><\/em><\/span><\/p><\/blockquote>\n<div class=\"wpb_text_column wpb_content_element \">\n<div class=\"wpb_wrapper\">\n<p>Whether you are a group, business, or individual, it is possible to choose an activity from the Activities Department schedule and fund it in part or in whole. You can also offer a unique activity to add to our current schedule.<\/p>\n<\/div>\n<\/div>\n<div class=\"wpb_text_column wpb_content_element \">\n<div class=\"wpb_wrapper\">\n<p>Contact us: 514-259-9470 \u00a0\/ Toll free: \u00a01-855-249-5112<\/p>\n<\/div>\n<\/div>\n<h3><img decoding=\"async\" loading=\"lazy\" class=\"wp-image-6466 alignleft\" src=\"https:\/\/fondationdesaveugles.org\/en\/wp-content\/uploads\/2016\/11\/cavalia-fondation-des-aveugles-du-quebec-2-e1559842626469.jpg\" alt=\"Visit at Cavalia - Touching a horse\" width=\"164\" height=\"276\" srcset=\"https:\/\/fondationdesaveugles.org\/en\/wp-content\/uploads\/2016\/11\/cavalia-fondation-des-aveugles-du-quebec-2-e1559842626469.jpg 540w, https:\/\/fondationdesaveugles.org\/en\/wp-content\/uploads\/2016\/11\/cavalia-fondation-des-aveugles-du-quebec-2-e1559842626469-89x150.jpg 89w, https:\/\/fondationdesaveugles.org\/en\/wp-content\/uploads\/2016\/11\/cavalia-fondation-des-aveugles-du-quebec-2-e1559842626469-179x300.jpg 179w\" sizes=\"(max-width: 164px) 100vw, 164px\" \/>Here are some activities that were offered to us in recent years:<\/h3>\n<ul>\n<li><span style=\"font-weight: 400;\">Members of the <em>Association de la F\u00e9d\u00e9ration Motocycliste du Qu\u00e9bec<\/em> organized a motorcycle ride with our youths.<\/span><\/li>\n<li><span style=\"font-weight: 400;\"><em>Cavalia<\/em> invited our youths to visit backstage and prepared various sensory workshops related to horses.<\/span><\/li>\n<li><span style=\"font-weight: 400;\"><em>Paul McCartney<\/em> offered us tickets to his concert held on the Plains of Abraham.<\/span><\/li>\n<li><span style=\"font-weight: 400;\"><em>The Military Police<\/em> organized a day of Olympiads for our youths.<\/span><\/li>\n<\/ul>\n<div class=\"vc_message_box vc_message_box-standard vc_message_box-square vc_color-info\">\n<p>For all funding activities, you or your organization will receive a donation receipt.<\/p>\n<\/div>\n","protected":false},"excerpt":{"rendered":"<p>Donate or finance an activity Have a direct impact on the lives of blind and visually impaired youths by providing and funding an activity of your choice. It may be a cultural, sporting, or recreational activity. Whether you are a group, business, or individual, it is possible to choose an [&#8230;]<\/p>\n","protected":false},"author":6,"featured_media":0,"parent":8218,"menu_order":3,"comment_status":"closed","ping_status":"closed","template":"","meta":[],"_links":{"self":[{"href":"https:\/\/fondationdesaveugles.org\/en\/wp-json\/wp\/v2\/pages\/8221"}],"collection":[{"href":"https:\/\/fondationdesaveugles.org\/en\/wp-json\/wp\/v2\/pages"}],"about":[{"href":"https:\/\/fondationdesaveugles.org\/en\/wp-json\/wp\/v2\/types\/page"}],"author":[{"embeddable":true,"href":"https:\/\/fondationdesaveugles.org\/en\/wp-json\/wp\/v2\/users\/6"}],"replies":[{"embeddable":true,"href":"https:\/\/fondationdesaveugles.org\/en\/wp-json\/wp\/v2\/comments?post=8221"}],"version-history":[{"count":8,"href":"https:\/\/fondationdesaveugles.org\/en\/wp-json\/wp\/v2\/pages\/8221\/revisions"}],"predecessor-version":[{"id":8462,"href":"https:\/\/fondationdesaveugles.org\/en\/wp-json\/wp\/v2\/pages\/8221\/revisions\/8462"}],"up":[{"embeddable":true,"href":"https:\/\/fondationdesaveugles.org\/en\/wp-json\/wp\/v2\/pages\/8218"}],"wp:attachment":[{"href":"https:\/\/fondationdesaveugles.org\/en\/wp-json\/wp\/v2\/media?parent=8221"}],"curies":[{"name":"wp","href":"https:\/\/api.w.org\/{rel}","templated":true}]}}